{"id":43326,"date":"2025-02-13T16:14:58","date_gmt":"2025-02-13T15:14:58","guid":{"rendered":"https:\/\/cooachgroup.com\/?page_id=43326"},"modified":"2025-02-13T16:51:06","modified_gmt":"2025-02-13T15:51:06","slug":"declaracion-de-accesibilidad","status":"publish","type":"page","link":"https:\/\/cooachgroup.com\/es\/declaracion-de-accesibilidad\/","title":{"rendered":"Declaraci\u00f3n de Accesibilidad"},"content":{"rendered":"\t\t<div data-elementor-type=\"wp-page\" data-elementor-id=\"43326\" class=\"elementor elementor-43326\" data-elementor-settings=\"{&quot;ha_cmc_init_switcher&quot;:&quot;no&quot;,&quot;element_pack_global_tooltip_width&quot;:{&quot;unit&quot;:&quot;px&quot;,&quot;size&quot;:&quot;&quot;,&quot;sizes&quot;:[]},&quot;element_pack_global_tooltip_width_tablet&quot;:{&quot;unit&quot;:&quot;px&quot;,&quot;size&quot;:&quot;&quot;,&quot;sizes&quot;:[]},&quot;element_pack_global_tooltip_width_mobile&quot;:{&quot;unit&quot;:&quot;px&quot;,&quot;size&quot;:&quot;&quot;,&quot;sizes&quot;:[]},&quot;element_pack_global_tooltip_padding&quot;:{&quot;unit&quot;:&quot;px&quot;,&quot;top&quot;:&quot;&quot;,&quot;right&quot;:&quot;&quot;,&quot;bottom&quot;:&quot;&quot;,&quot;left&quot;:&quot;&quot;,&quot;isLinked&quot;:true},&quot;element_pack_global_tooltip_padding_tablet&quot;:{&quot;unit&quot;:&quot;px&quot;,&quot;top&quot;:&quot;&quot;,&quot;right&quot;:&quot;&quot;,&quot;bottom&quot;:&quot;&quot;,&quot;left&quot;:&quot;&quot;,&quot;isLinked&quot;:true},&quot;element_pack_global_tooltip_padding_mobile&quot;:{&quot;unit&quot;:&quot;px&quot;,&quot;top&quot;:&quot;&quot;,&quot;right&quot;:&quot;&quot;,&quot;bottom&quot;:&quot;&quot;,&quot;left&quot;:&quot;&quot;,&quot;isLinked&quot;:true},&quot;element_pack_global_tooltip_border_radius&quot;:{&quot;unit&quot;:&quot;px&quot;,&quot;top&quot;:&quot;&quot;,&quot;right&quot;:&quot;&quot;,&quot;bottom&quot;:&quot;&quot;,&quot;left&quot;:&quot;&quot;,&quot;isLinked&quot;:true},&quot;element_pack_global_tooltip_border_radius_tablet&quot;:{&quot;unit&quot;:&quot;px&quot;,&quot;top&quot;:&quot;&quot;,&quot;right&quot;:&quot;&quot;,&quot;bottom&quot;:&quot;&quot;,&quot;left&quot;:&quot;&quot;,&quot;isLinked&quot;:true},&quot;element_pack_global_tooltip_border_radius_mobile&quot;:{&quot;unit&quot;:&quot;px&quot;,&quot;top&quot;:&quot;&quot;,&quot;right&quot;:&quot;&quot;,&quot;bottom&quot;:&quot;&quot;,&quot;left&quot;:&quot;&quot;,&quot;isLinked&quot;:true}}\" data-elementor-post-type=\"page\">\n\t\t\t\t\t\t<section class=\"elementor-section elementor-top-section elementor-element elementor-element-bf13140 elementor-section-stretched elementor-section-height-min-height elementor-reverse-mobile elementor-section-items-bottom elementor-section-boxed elementor-section-height-default\" data-id=\"bf13140\" data-element_type=\"section\" data-e-type=\"section\" data-settings=\"{&quot;stretch_section&quot;:&quot;section-stretched&quot;,&quot;background_background&quot;:&quot;classic&quot;,&quot;shape_divider_bottom&quot;:&quot;cooach-wave&quot;,&quot;_ha_eqh_enable&quot;:false}\">\n\t\t\t\t\t\t\t<div class=\"elementor-background-overlay\"><\/div>\n\t\t\t\t\t\t<div class=\"elementor-shape elementor-shape-bottom\" aria-hidden=\"true\" data-negative=\"false\">\n\t\t\t<svg version=\"1.1\" xmlns=\"http:\/\/www.w3.org\/2000\/svg\" xmlns:xlink=\"http:\/\/www.w3.org\/1999\/xlink\"\n\t width=\"100%\" viewBox=\"0 0 1000 100\" preserveAspectRatio=\"none\">\n<path class=\"elementor-shape-fill\" d=\"M1000,0H0v52.5C0,52.5,169.6,96,349.8,96c172.3,0,291.8-28.4,409.3-53.4C873,18.3,1000,1.9,1000,1.9V0z\"\/>\n<\/svg>\n\t\t<\/div>\n\t\t\t\t\t<div class=\"elementor-container elementor-column-gap-default\">\n\t\t\t\t\t<div class=\"elementor-column elementor-col-100 elementor-top-column elementor-element elementor-element-8b774d6\" data-id=\"8b774d6\" data-element_type=\"column\" data-e-type=\"column\">\n\t\t\t<div class=\"elementor-widget-wrap elementor-element-populated\">\n\t\t\t\t\t\t<div class=\"elementor-element elementor-element-548bc0c elementor-widget elementor-widget-heading\" data-id=\"548bc0c\" data-element_type=\"widget\" data-e-type=\"widget\" data-widget_type=\"heading.default\">\n\t\t\t\t<div class=\"elementor-widget-container\">\n\t\t\t\t\t<h1 class=\"elementor-heading-title elementor-size-default\">Declaraci\u00f3n de Accesibilidad<\/h1>\t\t\t\t<\/div>\n\t\t\t\t<\/div>\n\t\t\t\t<div class=\"elementor-element elementor-element-7bb3754 elementor-widget elementor-widget-global elementor-global-15756 elementor-widget-spacer\" data-id=\"7bb3754\" data-element_type=\"widget\" data-e-type=\"widget\" data-widget_type=\"spacer.default\">\n\t\t\t\t<div class=\"elementor-widget-container\">\n\t\t\t\t\t\t\t<div class=\"elementor-spacer\">\n\t\t\t<div class=\"elementor-spacer-inner\"><\/div>\n\t\t<\/div>\n\t\t\t\t\t\t<\/div>\n\t\t\t\t<\/div>\n\t\t\t\t\t<\/div>\n\t\t<\/div>\n\t\t\t\t\t<\/div>\n\t\t<\/section>\n\t\t\t\t<section class=\"elementor-section elementor-top-section elementor-element elementor-element-abcf839 elementor-section-boxed elementor-section-height-default elementor-section-height-default\" data-id=\"abcf839\" data-element_type=\"section\" data-e-type=\"section\" data-settings=\"{&quot;_ha_eqh_enable&quot;:false}\">\n\t\t\t\t\t\t<div class=\"elementor-container elementor-column-gap-default\">\n\t\t\t\t\t<div class=\"elementor-column elementor-col-16 elementor-top-column elementor-element elementor-element-08c8f5b\" data-id=\"08c8f5b\" data-element_type=\"column\" data-e-type=\"column\">\n\t\t\t<div class=\"elementor-widget-wrap\">\n\t\t\t\t\t\t\t<\/div>\n\t\t<\/div>\n\t\t\t\t<div class=\"elementor-column elementor-col-66 elementor-top-column elementor-element elementor-element-6b3fa19\" data-id=\"6b3fa19\" data-element_type=\"column\" data-e-type=\"column\">\n\t\t\t<div class=\"elementor-widget-wrap elementor-element-populated\">\n\t\t\t\t\t\t\t<\/div>\n\t\t<\/div>\n\t\t\t\t<div class=\"elementor-column elementor-col-16 elementor-top-column elementor-element elementor-element-8d8d021\" data-id=\"8d8d021\" data-element_type=\"column\" data-e-type=\"column\">\n\t\t\t<div class=\"elementor-widget-wrap\">\n\t\t\t\t\t\t\t<\/div>\n\t\t<\/div>\n\t\t\t\t\t<\/div>\n\t\t<\/section>\n\t\t\t\t<section class=\"elementor-section elementor-top-section elementor-element elementor-element-937306a elementor-section-boxed elementor-section-height-default elementor-section-height-default\" data-id=\"937306a\" data-element_type=\"section\" data-e-type=\"section\" data-settings=\"{&quot;_ha_eqh_enable&quot;:false}\">\n\t\t\t\t\t\t<div class=\"elementor-container elementor-column-gap-default\">\n\t\t\t\t\t<div class=\"elementor-column elementor-col-16 elementor-top-column elementor-element elementor-element-4dc6072\" data-id=\"4dc6072\" data-element_type=\"column\" data-e-type=\"column\">\n\t\t\t<div class=\"elementor-widget-wrap\">\n\t\t\t\t\t\t\t<\/div>\n\t\t<\/div>\n\t\t\t\t<div class=\"elementor-column elementor-col-66 elementor-top-column elementor-element elementor-element-df5f160\" data-id=\"df5f160\" data-element_type=\"column\" data-e-type=\"column\">\n\t\t\t<div class=\"elementor-widget-wrap elementor-element-populated\">\n\t\t\t\t\t\t<div class=\"elementor-element elementor-element-24f0a56 elementor-widget elementor-widget-text-editor\" data-id=\"24f0a56\" data-element_type=\"widget\" data-e-type=\"widget\" data-widget_type=\"text-editor.default\">\n\t\t\t\t<div class=\"elementor-widget-container\">\n\t\t\t\t\t\t\t\t\t<p><b>Cooach Business Support SL <\/b>se ha comprometido a hacer accesible su sitio web de conformidad con el\u00a0<a title=\"Real Decreto 1112\/2018, de 7 de septiembre, sobre accesibilidad de los sitios web y aplicaciones para dispositivos m\u00f3viles del sector p\u00fablico. (Abre en nueva ventana) declaraci\u00f3n de accesibilidad - Declaraci\u00f3n de accesibilidad\" role=\"link\" href=\"http:\/\/www.boe.es\/diario_boe\/txt.php?id=BOE-A-2018-12699\" target=\"_blank\" rel=\"noopener\">Real Decreto 1112\/2018, de 7 de septiembre, sobre accesibilidad de los sitios web y aplicaciones para dispositivos m\u00f3viles del sector p\u00fablico.<\/a><\/p><p>La presente declaraci\u00f3n de accesibilidad se aplica al sitio web <a href=\"https:\/\/cooachgroup.com\/\">https:\/\/cooachgroup.com\/<\/a>\u00a0<\/p><p><strong>Situaci\u00f3n de cumplimiento<\/strong><br \/>Este sitio web es\u00a0<strong class=\"strong\">parcialmente conforme\u00a0<\/strong>con el RD 1112\/2018 debido a las excepciones y a\u00a0la falta de conformidad de los aspectos que se indican a continuaci\u00f3n.<\/p><p><strong>Contenido no accesible<\/strong><br \/>El contenido que se recoge a continuaci\u00f3n no es accesible por lo siguiente:<\/p><p>a.\u00a0<strong>falta de conformidad con el RD 1112\/2018<\/strong><\/p><ul><li>Existen mensajes de error poco descriptivos, o mensajes de error que no est\u00e1n agrupados en un \u00fanico mensaje as\u00ed como falta de sugerencias en formulario para rellenar los campos correctamente [requisito n\u00famero 9.3.3.1 Identificaci\u00f3n de errores, de UNE-EN 301549:2022].<\/li><li>Existen campos de formularios donde se informa del error cuando se introduce un valor incorrecto pero no se informa de una sugerencia para su correcci\u00f3n [requisito n\u00famero 9.3.3.3 Sugerencias ante errores, de UNE-EN 301549:2022].<\/li><li>Podr\u00edan existir fallos puntuales de edici\u00f3n en alguna p\u00e1gina web.<\/li><\/ul><p>b.\u00a0<strong>carga desproporcionada<\/strong><\/p><ul><li>No aplica.<\/li><\/ul><p>c. el contenido\u00a0<strong>no entra dentro del \u00e1mbito de la legislaci\u00f3n<\/strong>\u00a0aplicable<\/p><p><strong>Preparaci\u00f3n de la presente declaraci\u00f3n de accesibilidad<\/strong><\/p><p>La presente declaraci\u00f3n fue preparada el 13 de febrero de 2025.<\/p><p>El m\u00e9todo empleado para preparar la declaraci\u00f3n ha sido una autoevaluaci\u00f3n llevada a cabo por el propio organismo.<\/p><p>\u00daltima revisi\u00f3n de la declaraci\u00f3n: 13 de febrero de 2025.<\/p><p><strong>Observaciones y datos de contacto<\/strong><\/p><p>Puede realizar\u00a0<strong>comunicaciones<\/strong>\u00a0sobre requisitos de accesibilidad (art\u00edculo 10.2.a) del RD 1112\/2018) como por ejemplo:<\/p><ul><li>informar sobre cualquier posible\u00a0<strong>incumplimiento<\/strong>\u00a0por parte de este sitio web<\/li><li>transmitir otras\u00a0<strong>dificultades de acceso<\/strong>\u00a0al contenido<\/li><li>formular cualquier otra\u00a0<strong>consulta o sugerencia de mejora<\/strong>\u00a0relativa a la accesibilidad del sitio web<\/li><\/ul><p>A trav\u00e9s del correo <a href=\"mailto:info@cooach.io\">info@cooach.io<\/a>\u00a0<\/p><p>Puede presentar:<\/p><ul><li>una\u00a0<strong>Queja<\/strong>\u00a0relativa al cumplimiento de los requisitos del RD 1112\/2018 o<\/li><li>una\u00a0<strong>Solicitud de Informaci\u00f3n accesible<\/strong>\u00a0relativa a:<ul><li><strong>contenidos<\/strong>\u00a0que est\u00e1n\u00a0<strong>excluidos<\/strong>\u00a0del\u00a0<strong>\u00e1mbito de aplicaci\u00f3n<\/strong>\u00a0del RD 1112\/2018 seg\u00fan lo establecido por el art\u00edculo 3, apartado 4<\/li><li><strong>contenidos<\/strong>\u00a0que est\u00e1n\u00a0<strong>exentos<\/strong>\u00a0del\u00a0<strong>cumplimiento<\/strong>\u00a0de los requisitos de accesibilidad por imponer una\u00a0<strong>carga desproporcionada<\/strong>.<\/li><\/ul><\/li><\/ul><p>En la Solicitud de informaci\u00f3n accesible, se debe concretar, con toda claridad, los hechos, razones y petici\u00f3n que permitan constatar que se trata de una solicitud razonable y leg\u00edtima.<\/p><p><strong>Procedimiento de aplicaci\u00f3n<\/strong><br \/>A trav\u00e9s de este procedimiento podr\u00e1 iniciar una reclamaci\u00f3n para conocer y oponerse a los motivos de la desestimaci\u00f3n de una solicitud de informaci\u00f3n accesible o queja, instar la adopci\u00f3n de las medidas oportunas en el caso de no estar de acuerdo con la decisi\u00f3n adoptada, o exponer las razones por las que se considera que la respuesta no cumple con los requisitos exigidos.<\/p><p><strong>Contenido opcional<\/strong><br \/>El sitio web est\u00e1 optimizado para los navegadores Microsoft Internet Explorer 8.0 o versiones superiores y las \u00faltimas versiones vigentes de FireFox, Safari, Opera y Google Chrome. La resoluci\u00f3n web m\u00ednima recomendada es de 1280\u00d71024.<\/p><p>El sitio web est\u00e1 dise\u00f1ado para su visualizaci\u00f3n Responsive, con lo que se visualiza de forma \u00f3ptima en los dispositivos tablet y m\u00f3viles. En estos dispositivos est\u00e1 optimizado para su visualizaci\u00f3n en las \u00faltimas versiones vigentes de Chrome for mobile, Firefox for mobile, Safari mobile, Opera Mini y navegador nativo de Android.<\/p>\t\t\t\t\t\t\t\t<\/div>\n\t\t\t\t<\/div>\n\t\t\t\t\t<\/div>\n\t\t<\/div>\n\t\t\t\t<div class=\"elementor-column elementor-col-16 elementor-top-column elementor-element elementor-element-affd8ae\" data-id=\"affd8ae\" data-element_type=\"column\" data-e-type=\"column\">\n\t\t\t<div class=\"elementor-widget-wrap\">\n\t\t\t\t\t\t\t<\/div>\n\t\t<\/div>\n\t\t\t\t\t<\/div>\n\t\t<\/section>\n\t\t\t\t<\/div>\n\t\t","protected":false},"excerpt":{"rendered":"<p>Cooach Business Support SL se ha comprometido a hacer accesible su sitio web de conformidad con el\u00a0Real Decreto 1112\/2018, de 7 de septiembre, sobre accesibilidad de los sitios web y aplicaciones para dispositivos m\u00f3viles del sector p\u00fablico. La presente declaraci\u00f3n de accesibilidad se aplica al sitio web https:\/\/cooachgroup.com\/\u00a0 Situaci\u00f3n de cumplimientoEste sitio web es\u00a0parcialmente conforme\u00a0con [&hellip;]<\/p>\n","protected":false},"author":28,"featured_media":0,"parent":0,"menu_order":0,"comment_status":"closed","ping_status":"closed","template":"","meta":{"_acf_changed":false,"footnotes":""},"landningsidor":[],"class_list":["post-43326","page","type-page","status-publish","hentry"],"acf":[],"yoast_head":"<!-- This site is optimized with the Yoast SEO plugin v27.4 - https:\/\/yoast.com\/product\/yoast-seo-wordpress\/ -->\n<title>Declaraci\u00f3n de Accesibilidad | Business Services Platform<\/title>\n<meta name=\"robots\" content=\"index, follow, max-snippet:-1, max-image-preview:large, max-video-preview:-1\" \/>\n<link rel=\"canonical\" href=\"https:\/\/cooachgroup.com\/es\/declaracion-de-accesibilidad\/\" \/>\n<meta property=\"og:locale\" content=\"es_ES\" \/>\n<meta property=\"og:type\" content=\"article\" \/>\n<meta property=\"og:title\" content=\"Declaraci\u00f3n de Accesibilidad | Business Services Platform\" \/>\n<meta property=\"og:description\" content=\"Cooach Business Support SL se ha comprometido a hacer accesible su sitio web de conformidad con el\u00a0Real Decreto 1112\/2018, de 7 de septiembre, sobre accesibilidad de los sitios web y aplicaciones para dispositivos m\u00f3viles del sector p\u00fablico. La presente declaraci\u00f3n de accesibilidad se aplica al sitio web https:\/\/cooachgroup.com\/\u00a0 Situaci\u00f3n de cumplimientoEste sitio web es\u00a0parcialmente conforme\u00a0con [&hellip;]\" \/>\n<meta property=\"og:url\" content=\"https:\/\/cooachgroup.com\/es\/declaracion-de-accesibilidad\/\" \/>\n<meta property=\"og:site_name\" content=\"Business Services Platform\" \/>\n<meta property=\"article:publisher\" content=\"https:\/\/www.facebook.com\/cooach.io\" \/>\n<meta property=\"article:modified_time\" content=\"2025-02-13T15:51:06+00:00\" \/>\n<meta property=\"og:image\" content=\"https:\/\/cooachgroup.com\/wp-content\/uploads\/2024\/08\/cooachgroup.jpg\" \/>\n\t<meta property=\"og:image:width\" content=\"1200\" \/>\n\t<meta property=\"og:image:height\" content=\"675\" \/>\n\t<meta property=\"og:image:type\" content=\"image\/jpeg\" \/>\n<meta name=\"twitter:card\" content=\"summary_large_image\" \/>\n<meta name=\"twitter:label1\" content=\"Tiempo de lectura\" \/>\n\t<meta name=\"twitter:data1\" content=\"3 minutos\" \/>\n<script type=\"application\/ld+json\" class=\"yoast-schema-graph\">{\"@context\":\"https:\\\/\\\/schema.org\",\"@graph\":[{\"@type\":\"WebPage\",\"@id\":\"https:\\\/\\\/cooachgroup.com\\\/es\\\/declaracion-de-accesibilidad\\\/\",\"url\":\"https:\\\/\\\/cooachgroup.com\\\/es\\\/declaracion-de-accesibilidad\\\/\",\"name\":\"Declaraci\u00f3n de Accesibilidad | Business Services Platform\",\"isPartOf\":{\"@id\":\"https:\\\/\\\/cooachgroup.com\\\/#website\"},\"datePublished\":\"2025-02-13T15:14:58+00:00\",\"dateModified\":\"2025-02-13T15:51:06+00:00\",\"breadcrumb\":{\"@id\":\"https:\\\/\\\/cooachgroup.com\\\/es\\\/declaracion-de-accesibilidad\\\/#breadcrumb\"},\"inLanguage\":\"es\",\"potentialAction\":[{\"@type\":\"ReadAction\",\"target\":[\"https:\\\/\\\/cooachgroup.com\\\/es\\\/declaracion-de-accesibilidad\\\/\"]}]},{\"@type\":\"BreadcrumbList\",\"@id\":\"https:\\\/\\\/cooachgroup.com\\\/es\\\/declaracion-de-accesibilidad\\\/#breadcrumb\",\"itemListElement\":[{\"@type\":\"ListItem\",\"position\":1,\"name\":\"Home\",\"item\":\"https:\\\/\\\/cooachgroup.com\\\/\"},{\"@type\":\"ListItem\",\"position\":2,\"name\":\"Declaraci\u00f3n de Accesibilidad\"}]},{\"@type\":\"WebSite\",\"@id\":\"https:\\\/\\\/cooachgroup.com\\\/#website\",\"url\":\"https:\\\/\\\/cooachgroup.com\\\/\",\"name\":\"Cooach Group\",\"description\":\"By Cooach\",\"publisher\":{\"@id\":\"https:\\\/\\\/cooachgroup.com\\\/#organization\"},\"potentialAction\":[{\"@type\":\"SearchAction\",\"target\":{\"@type\":\"EntryPoint\",\"urlTemplate\":\"https:\\\/\\\/cooachgroup.com\\\/?s={search_term_string}\"},\"query-input\":{\"@type\":\"PropertyValueSpecification\",\"valueRequired\":true,\"valueName\":\"search_term_string\"}}],\"inLanguage\":\"es\"},{\"@type\":\"Organization\",\"@id\":\"https:\\\/\\\/cooachgroup.com\\\/#organization\",\"name\":\"Cooach Group\",\"url\":\"https:\\\/\\\/cooachgroup.com\\\/\",\"logo\":{\"@type\":\"ImageObject\",\"inLanguage\":\"es\",\"@id\":\"https:\\\/\\\/cooachgroup.com\\\/#\\\/schema\\\/logo\\\/image\\\/\",\"url\":\"https:\\\/\\\/cooachgroup.com\\\/wp-content\\\/uploads\\\/2024\\\/01\\\/COOACH_symbol.svg\",\"contentUrl\":\"https:\\\/\\\/cooachgroup.com\\\/wp-content\\\/uploads\\\/2024\\\/01\\\/COOACH_symbol.svg\",\"width\":596,\"height\":591,\"caption\":\"Cooach Group\"},\"image\":{\"@id\":\"https:\\\/\\\/cooachgroup.com\\\/#\\\/schema\\\/logo\\\/image\\\/\"},\"sameAs\":[\"https:\\\/\\\/www.facebook.com\\\/cooach.io\",\"https:\\\/\\\/www.linkedin.com\\\/company\\\/11003891\\\/\",\"https:\\\/\\\/www.instagram.com\\\/cooach.io\\\/\"]}]}<\/script>\n<!-- \/ Yoast SEO plugin. -->","yoast_head_json":{"title":"Declaraci\u00f3n de Accesibilidad | Business Services Platform","robots":{"index":"index","follow":"follow","max-snippet":"max-snippet:-1","max-image-preview":"max-image-preview:large","max-video-preview":"max-video-preview:-1"},"canonical":"https:\/\/cooachgroup.com\/es\/declaracion-de-accesibilidad\/","og_locale":"es_ES","og_type":"article","og_title":"Declaraci\u00f3n de Accesibilidad | Business Services Platform","og_description":"Cooach Business Support SL se ha comprometido a hacer accesible su sitio web de conformidad con el\u00a0Real Decreto 1112\/2018, de 7 de septiembre, sobre accesibilidad de los sitios web y aplicaciones para dispositivos m\u00f3viles del sector p\u00fablico. La presente declaraci\u00f3n de accesibilidad se aplica al sitio web https:\/\/cooachgroup.com\/\u00a0 Situaci\u00f3n de cumplimientoEste sitio web es\u00a0parcialmente conforme\u00a0con [&hellip;]","og_url":"https:\/\/cooachgroup.com\/es\/declaracion-de-accesibilidad\/","og_site_name":"Business Services Platform","article_publisher":"https:\/\/www.facebook.com\/cooach.io","article_modified_time":"2025-02-13T15:51:06+00:00","og_image":[{"width":1200,"height":675,"url":"https:\/\/cooachgroup.com\/wp-content\/uploads\/2024\/08\/cooachgroup.jpg","type":"image\/jpeg"}],"twitter_card":"summary_large_image","twitter_misc":{"Tiempo de lectura":"3 minutos"},"schema":{"@context":"https:\/\/schema.org","@graph":[{"@type":"WebPage","@id":"https:\/\/cooachgroup.com\/es\/declaracion-de-accesibilidad\/","url":"https:\/\/cooachgroup.com\/es\/declaracion-de-accesibilidad\/","name":"Declaraci\u00f3n de Accesibilidad | Business Services Platform","isPartOf":{"@id":"https:\/\/cooachgroup.com\/#website"},"datePublished":"2025-02-13T15:14:58+00:00","dateModified":"2025-02-13T15:51:06+00:00","breadcrumb":{"@id":"https:\/\/cooachgroup.com\/es\/declaracion-de-accesibilidad\/#breadcrumb"},"inLanguage":"es","potentialAction":[{"@type":"ReadAction","target":["https:\/\/cooachgroup.com\/es\/declaracion-de-accesibilidad\/"]}]},{"@type":"BreadcrumbList","@id":"https:\/\/cooachgroup.com\/es\/declaracion-de-accesibilidad\/#breadcrumb","itemListElement":[{"@type":"ListItem","position":1,"name":"Home","item":"https:\/\/cooachgroup.com\/"},{"@type":"ListItem","position":2,"name":"Declaraci\u00f3n de Accesibilidad"}]},{"@type":"WebSite","@id":"https:\/\/cooachgroup.com\/#website","url":"https:\/\/cooachgroup.com\/","name":"Cooach Group","description":"By Cooach","publisher":{"@id":"https:\/\/cooachgroup.com\/#organization"},"potentialAction":[{"@type":"SearchAction","target":{"@type":"EntryPoint","urlTemplate":"https:\/\/cooachgroup.com\/?s={search_term_string}"},"query-input":{"@type":"PropertyValueSpecification","valueRequired":true,"valueName":"search_term_string"}}],"inLanguage":"es"},{"@type":"Organization","@id":"https:\/\/cooachgroup.com\/#organization","name":"Cooach Group","url":"https:\/\/cooachgroup.com\/","logo":{"@type":"ImageObject","inLanguage":"es","@id":"https:\/\/cooachgroup.com\/#\/schema\/logo\/image\/","url":"https:\/\/cooachgroup.com\/wp-content\/uploads\/2024\/01\/COOACH_symbol.svg","contentUrl":"https:\/\/cooachgroup.com\/wp-content\/uploads\/2024\/01\/COOACH_symbol.svg","width":596,"height":591,"caption":"Cooach Group"},"image":{"@id":"https:\/\/cooachgroup.com\/#\/schema\/logo\/image\/"},"sameAs":["https:\/\/www.facebook.com\/cooach.io","https:\/\/www.linkedin.com\/company\/11003891\/","https:\/\/www.instagram.com\/cooach.io\/"]}]}},"_links":{"self":[{"href":"https:\/\/cooachgroup.com\/es\/wp-json\/wp\/v2\/pages\/43326","targetHints":{"allow":["GET"]}}],"collection":[{"href":"https:\/\/cooachgroup.com\/es\/wp-json\/wp\/v2\/pages"}],"about":[{"href":"https:\/\/cooachgroup.com\/es\/wp-json\/wp\/v2\/types\/page"}],"author":[{"embeddable":true,"href":"https:\/\/cooachgroup.com\/es\/wp-json\/wp\/v2\/users\/28"}],"replies":[{"embeddable":true,"href":"https:\/\/cooachgroup.com\/es\/wp-json\/wp\/v2\/comments?post=43326"}],"version-history":[{"count":5,"href":"https:\/\/cooachgroup.com\/es\/wp-json\/wp\/v2\/pages\/43326\/revisions"}],"predecessor-version":[{"id":43344,"href":"https:\/\/cooachgroup.com\/es\/wp-json\/wp\/v2\/pages\/43326\/revisions\/43344"}],"wp:attachment":[{"href":"https:\/\/cooachgroup.com\/es\/wp-json\/wp\/v2\/media?parent=43326"}],"wp:term":[{"taxonomy":"landningsidor","embeddable":true,"href":"https:\/\/cooachgroup.com\/es\/wp-json\/wp\/v2\/landningsidor?post=43326"}],"curies":[{"name":"wp","href":"https:\/\/api.w.org\/{rel}","templated":true}]}}